{"id":1533,"date":"2018-12-19T18:45:20","date_gmt":"2018-12-19T21:45:20","guid":{"rendered":"http:\/\/full-led.cl\/?page_id=1533"},"modified":"2019-01-28T17:50:42","modified_gmt":"2019-01-28T20:50:42","slug":"servicio-tecnico","status":"publish","type":"page","link":"https:\/\/full-led.cl\/servicio-tecnico\/","title":{"rendered":"Servicio T\u00e9cnico"},"content":{"rendered":"<p>&nbsp;<\/p>\n<p style=\"text-align: center;\"><img data-recalc-dims=\"1\" fetchpriority=\"high\" decoding=\"async\" class=\"wp-image-1699 aligncenter\" src=\"https:\/\/i0.wp.com\/full-led.cl\/wp-content\/uploads\/2019\/01\/pruebaserviciotecnico-300x130.jpg?resize=1082%2C469\" alt=\"\" width=\"1082\" height=\"469\" \/><\/p>\n<h1 style=\"text-align: center;\"><strong>ALGUNOS DE NUESTROS SERVICIOS<\/strong><\/h1>\n<p style=\"text-align: center;\">\n<p>&nbsp;<\/p>\n<p style=\"text-align: center;\"><strong>Reparaci\u00f3n de pantallas gigantes de leds<\/strong><\/p>\n<p style=\"text-align: center;\"><strong>Sustituci\u00f3n de m\u00f3dulos y cabinas led<\/strong><\/p>\n<p style=\"text-align: center;\"><strong>Sustituci\u00f3n de leds defectuosos<\/strong><\/p>\n<p style=\"text-align: center;\"><strong>Cambio de placas de control sending, receiving , hub<\/strong><\/p>\n<p style=\"text-align: center;\"><strong>Reparaci\u00f3n y sustituci\u00f3n de fuentes de alimentaci\u00f3n<\/strong><\/p>\n<p style=\"text-align: center;\"><strong>Revisi\u00f3n y reparaci\u00f3n de cableado interno y externo<\/strong><\/p>\n<p style=\"text-align: center;\"><strong>Resoluci\u00f3n de problemas con el software de gesti\u00f3n<\/strong><\/p>\n<p style=\"text-align: center;\"><strong>Resoluci\u00f3n de incidencias en servidor de contenidos<\/strong><\/p>\n","protected":false},"excerpt":{"rendered":"<p>&nbsp; ALGUNOS DE NUESTROS SERVICIOS &nbsp; Reparaci\u00f3n de pantallas gigantes de leds Sustituci\u00f3n de m\u00f3dulos y cabinas led Sustituci\u00f3n de leds defectuosos Cambio de placas de control sending, receiving , hub Reparaci\u00f3n y sustituci\u00f3n de fuentes de alimentaci\u00f3n Revisi\u00f3n y reparaci\u00f3n de cableado interno y externo Resoluci\u00f3n de problemas con el software de gesti\u00f3n Resoluci\u00f3n [&hellip;]<\/p>\n","protected":false},"author":1,"featured_media":0,"parent":0,"menu_order":0,"comment_status":"closed","ping_status":"closed","template":"","meta":{"_uag_custom_page_level_css":"","site-sidebar-layout":"default","site-content-layout":"","ast-site-content-layout":"default","site-content-style":"default","site-sidebar-style":"default","ast-global-header-display":"","ast-banner-title-visibility":"","ast-main-header-display":"","ast-hfb-above-header-display":"","ast-hfb-below-header-display":"","ast-hfb-mobile-header-display":"","site-post-title":"","ast-breadcrumbs-content":"","ast-featured-img":"","footer-sml-layout":"","ast-disable-related-posts":"","theme-transparent-header-meta":"","adv-header-id-meta":"","stick-header-meta":"","header-above-stick-meta":"","header-main-stick-meta":"","header-below-stick-meta":"","astra-migrate-meta-layouts":"default","ast-page-background-enabled":"default","ast-page-background-meta":{"desktop":{"background-color":"","background-image":"","background-repeat":"repeat","background-position":"center center","background-size":"auto","background-attachment":"scroll","background-type":"","background-media":"","overlay-type":"","overlay-color":"","overlay-opacity":"","overlay-gradient":""},"tablet":{"background-color":"","background-image":"","background-repeat":"repeat","background-position":"center center","background-size":"auto","background-attachment":"scroll","background-type":"","background-media":"","overlay-type":"","overlay-color":"","overlay-opacity":"","overlay-gradient":""},"mobile":{"background-color":"","background-image":"","background-repeat":"repeat","background-position":"center center","background-size":"auto","background-attachment":"scroll","background-type":"","background-media":"","overlay-type":"","overlay-color":"","overlay-opacity":"","overlay-gradient":""}},"ast-content-background-meta":{"desktop":{"background-color":"var(--ast-global-color-5)","background-image":"","background-repeat":"repeat","background-position":"center center","background-size":"auto","background-attachment":"scroll","background-type":"","background-media":"","overlay-type":"","overlay-color":"","overlay-opacity":"","overlay-gradient":""},"tablet":{"background-color":"var(--ast-global-color-5)","background-image":"","background-repeat":"repeat","background-position":"center center","background-size":"auto","background-attachment":"scroll","background-type":"","background-media":"","overlay-type":"","overlay-color":"","overlay-opacity":"","overlay-gradient":""},"mobile":{"background-color":"var(--ast-global-color-5)","background-image":"","background-repeat":"repeat","background-position":"center center","background-size":"auto","background-attachment":"scroll","background-type":"","background-media":"","overlay-type":"","overlay-color":"","overlay-opacity":"","overlay-gradient":""}},"_joinchat":[],"footnotes":""},"class_list":["post-1533","page","type-page","status-publish","hentry"],"yoast_head":"<!-- This site is optimized with the Yoast SEO plugin v27.3 - https:\/\/yoast.com\/product\/yoast-seo-wordpress\/ -->\n<title>Servicio T\u00e9cnico - Full-LED: Especialistas en Letreros y Pantallas LED<\/title>\n<meta name=\"robots\" content=\"index, follow, max-snippet:-1, max-image-preview:large, max-video-preview:-1\" \/>\n<link rel=\"canonical\" href=\"https:\/\/full-led.cl\/servicio-tecnico\/\" \/>\n<meta property=\"og:locale\" content=\"es_ES\" \/>\n<meta property=\"og:type\" content=\"article\" \/>\n<meta property=\"og:title\" content=\"Servicio T\u00e9cnico - Full-LED: Especialistas en Letreros y Pantallas LED\" \/>\n<meta property=\"og:description\" content=\"&nbsp; ALGUNOS DE NUESTROS SERVICIOS &nbsp; Reparaci\u00f3n de pantallas gigantes de leds Sustituci\u00f3n de m\u00f3dulos y cabinas led Sustituci\u00f3n de leds defectuosos Cambio de placas de control sending, receiving , hub Reparaci\u00f3n y sustituci\u00f3n de fuentes de alimentaci\u00f3n Revisi\u00f3n y reparaci\u00f3n de cableado interno y externo Resoluci\u00f3n de problemas con el software de gesti\u00f3n Resoluci\u00f3n [&hellip;]\" \/>\n<meta property=\"og:url\" content=\"https:\/\/full-led.cl\/servicio-tecnico\/\" \/>\n<meta property=\"og:site_name\" content=\"Full-LED: Especialistas en Letreros y Pantallas LED\" \/>\n<meta property=\"article:publisher\" content=\"https:\/\/www.facebook.com\/profile.php?id=100064203484556\" \/>\n<meta property=\"article:modified_time\" content=\"2019-01-28T20:50:42+00:00\" \/>\n<meta property=\"og:image\" content=\"http:\/\/full-led.cl\/wp-content\/uploads\/2019\/01\/pruebaserviciotecnico-300x130.jpg\" \/>\n<meta name=\"twitter:card\" content=\"summary_large_image\" \/>\n<script type=\"application\/ld+json\" class=\"yoast-schema-graph\">{\"@context\":\"https:\\\/\\\/schema.org\",\"@graph\":[{\"@type\":\"WebPage\",\"@id\":\"https:\\\/\\\/full-led.cl\\\/servicio-tecnico\\\/\",\"url\":\"https:\\\/\\\/full-led.cl\\\/servicio-tecnico\\\/\",\"name\":\"Servicio T\u00e9cnico - Full-LED: Especialistas en Letreros y Pantallas LED\",\"isPartOf\":{\"@id\":\"https:\\\/\\\/full-led.cl\\\/#website\"},\"primaryImageOfPage\":{\"@id\":\"https:\\\/\\\/full-led.cl\\\/servicio-tecnico\\\/#primaryimage\"},\"image\":{\"@id\":\"https:\\\/\\\/full-led.cl\\\/servicio-tecnico\\\/#primaryimage\"},\"thumbnailUrl\":\"http:\\\/\\\/full-led.cl\\\/wp-content\\\/uploads\\\/2019\\\/01\\\/pruebaserviciotecnico-300x130.jpg\",\"datePublished\":\"2018-12-19T21:45:20+00:00\",\"dateModified\":\"2019-01-28T20:50:42+00:00\",\"breadcrumb\":{\"@id\":\"https:\\\/\\\/full-led.cl\\\/servicio-tecnico\\\/#breadcrumb\"},\"inLanguage\":\"es\",\"potentialAction\":[{\"@type\":\"ReadAction\",\"target\":[\"https:\\\/\\\/full-led.cl\\\/servicio-tecnico\\\/\"]}]},{\"@type\":\"ImageObject\",\"inLanguage\":\"es\",\"@id\":\"https:\\\/\\\/full-led.cl\\\/servicio-tecnico\\\/#primaryimage\",\"url\":\"http:\\\/\\\/full-led.cl\\\/wp-content\\\/uploads\\\/2019\\\/01\\\/pruebaserviciotecnico-300x130.jpg\",\"contentUrl\":\"http:\\\/\\\/full-led.cl\\\/wp-content\\\/uploads\\\/2019\\\/01\\\/pruebaserviciotecnico-300x130.jpg\"},{\"@type\":\"BreadcrumbList\",\"@id\":\"https:\\\/\\\/full-led.cl\\\/servicio-tecnico\\\/#breadcrumb\",\"itemListElement\":[{\"@type\":\"ListItem\",\"position\":1,\"name\":\"Portada\",\"item\":\"https:\\\/\\\/full-led.cl\\\/\"},{\"@type\":\"ListItem\",\"position\":2,\"name\":\"Servicio T\u00e9cnico\"}]},{\"@type\":\"WebSite\",\"@id\":\"https:\\\/\\\/full-led.cl\\\/#website\",\"url\":\"https:\\\/\\\/full-led.cl\\\/\",\"name\":\"Full-LED: Especialistas en Letreros y Pantallas LED\",\"description\":\"Fabricamos letreros LED, pantallas y totems digitales para negocios en todo Chile\",\"publisher\":{\"@id\":\"https:\\\/\\\/full-led.cl\\\/#organization\"},\"alternateName\":\"full-led.cl\",\"potentialAction\":[{\"@type\":\"SearchAction\",\"target\":{\"@type\":\"EntryPoint\",\"urlTemplate\":\"https:\\\/\\\/full-led.cl\\\/?s={search_term_string}\"},\"query-input\":{\"@type\":\"PropertyValueSpecification\",\"valueRequired\":true,\"valueName\":\"search_term_string\"}}],\"inLanguage\":\"es\"},{\"@type\":\"Organization\",\"@id\":\"https:\\\/\\\/full-led.cl\\\/#organization\",\"name\":\"Letreros LED | Iluminaci\u00f3n LED | Letreros Luminosos\",\"alternateName\":\"Full-Led\",\"url\":\"https:\\\/\\\/full-led.cl\\\/\",\"logo\":{\"@type\":\"ImageObject\",\"inLanguage\":\"es\",\"@id\":\"https:\\\/\\\/full-led.cl\\\/#\\\/schema\\\/logo\\\/image\\\/\",\"url\":\"https:\\\/\\\/i0.wp.com\\\/full-led.cl\\\/wp-content\\\/uploads\\\/2026\\\/03\\\/cropped-Logo-Full-LED-Blanco_-scaled-1.png?fit=2439%2C675&ssl=1\",\"contentUrl\":\"https:\\\/\\\/i0.wp.com\\\/full-led.cl\\\/wp-content\\\/uploads\\\/2026\\\/03\\\/cropped-Logo-Full-LED-Blanco_-scaled-1.png?fit=2439%2C675&ssl=1\",\"width\":2439,\"height\":675,\"caption\":\"Letreros LED | Iluminaci\u00f3n LED | Letreros Luminosos\"},\"image\":{\"@id\":\"https:\\\/\\\/full-led.cl\\\/#\\\/schema\\\/logo\\\/image\\\/\"},\"sameAs\":[\"https:\\\/\\\/www.facebook.com\\\/profile.php?id=100064203484556\",\"https:\\\/\\\/www.instagram.com\\\/full.led_cl\\\/\"]}]}<\/script>\n<!-- \/ Yoast SEO plugin. -->","yoast_head_json":{"title":"Servicio T\u00e9cnico - Full-LED: Especialistas en Letreros y Pantallas LED","robots":{"index":"index","follow":"follow","max-snippet":"max-snippet:-1","max-image-preview":"max-image-preview:large","max-video-preview":"max-video-preview:-1"},"canonical":"https:\/\/full-led.cl\/servicio-tecnico\/","og_locale":"es_ES","og_type":"article","og_title":"Servicio T\u00e9cnico - Full-LED: Especialistas en Letreros y Pantallas LED","og_description":"&nbsp; ALGUNOS DE NUESTROS SERVICIOS &nbsp; Reparaci\u00f3n de pantallas gigantes de leds Sustituci\u00f3n de m\u00f3dulos y cabinas led Sustituci\u00f3n de leds defectuosos Cambio de placas de control sending, receiving , hub Reparaci\u00f3n y sustituci\u00f3n de fuentes de alimentaci\u00f3n Revisi\u00f3n y reparaci\u00f3n de cableado interno y externo Resoluci\u00f3n de problemas con el software de gesti\u00f3n Resoluci\u00f3n [&hellip;]","og_url":"https:\/\/full-led.cl\/servicio-tecnico\/","og_site_name":"Full-LED: Especialistas en Letreros y Pantallas LED","article_publisher":"https:\/\/www.facebook.com\/profile.php?id=100064203484556","article_modified_time":"2019-01-28T20:50:42+00:00","og_image":[{"url":"http:\/\/full-led.cl\/wp-content\/uploads\/2019\/01\/pruebaserviciotecnico-300x130.jpg","type":"","width":"","height":""}],"twitter_card":"summary_large_image","schema":{"@context":"https:\/\/schema.org","@graph":[{"@type":"WebPage","@id":"https:\/\/full-led.cl\/servicio-tecnico\/","url":"https:\/\/full-led.cl\/servicio-tecnico\/","name":"Servicio T\u00e9cnico - Full-LED: Especialistas en Letreros y Pantallas LED","isPartOf":{"@id":"https:\/\/full-led.cl\/#website"},"primaryImageOfPage":{"@id":"https:\/\/full-led.cl\/servicio-tecnico\/#primaryimage"},"image":{"@id":"https:\/\/full-led.cl\/servicio-tecnico\/#primaryimage"},"thumbnailUrl":"http:\/\/full-led.cl\/wp-content\/uploads\/2019\/01\/pruebaserviciotecnico-300x130.jpg","datePublished":"2018-12-19T21:45:20+00:00","dateModified":"2019-01-28T20:50:42+00:00","breadcrumb":{"@id":"https:\/\/full-led.cl\/servicio-tecnico\/#breadcrumb"},"inLanguage":"es","potentialAction":[{"@type":"ReadAction","target":["https:\/\/full-led.cl\/servicio-tecnico\/"]}]},{"@type":"ImageObject","inLanguage":"es","@id":"https:\/\/full-led.cl\/servicio-tecnico\/#primaryimage","url":"http:\/\/full-led.cl\/wp-content\/uploads\/2019\/01\/pruebaserviciotecnico-300x130.jpg","contentUrl":"http:\/\/full-led.cl\/wp-content\/uploads\/2019\/01\/pruebaserviciotecnico-300x130.jpg"},{"@type":"BreadcrumbList","@id":"https:\/\/full-led.cl\/servicio-tecnico\/#breadcrumb","itemListElement":[{"@type":"ListItem","position":1,"name":"Portada","item":"https:\/\/full-led.cl\/"},{"@type":"ListItem","position":2,"name":"Servicio T\u00e9cnico"}]},{"@type":"WebSite","@id":"https:\/\/full-led.cl\/#website","url":"https:\/\/full-led.cl\/","name":"Full-LED: Especialistas en Letreros y Pantallas LED","description":"Fabricamos letreros LED, pantallas y totems digitales para negocios en todo Chile","publisher":{"@id":"https:\/\/full-led.cl\/#organization"},"alternateName":"full-led.cl","potentialAction":[{"@type":"SearchAction","target":{"@type":"EntryPoint","urlTemplate":"https:\/\/full-led.cl\/?s={search_term_string}"},"query-input":{"@type":"PropertyValueSpecification","valueRequired":true,"valueName":"search_term_string"}}],"inLanguage":"es"},{"@type":"Organization","@id":"https:\/\/full-led.cl\/#organization","name":"Letreros LED | Iluminaci\u00f3n LED | Letreros Luminosos","alternateName":"Full-Led","url":"https:\/\/full-led.cl\/","logo":{"@type":"ImageObject","inLanguage":"es","@id":"https:\/\/full-led.cl\/#\/schema\/logo\/image\/","url":"https:\/\/i0.wp.com\/full-led.cl\/wp-content\/uploads\/2026\/03\/cropped-Logo-Full-LED-Blanco_-scaled-1.png?fit=2439%2C675&ssl=1","contentUrl":"https:\/\/i0.wp.com\/full-led.cl\/wp-content\/uploads\/2026\/03\/cropped-Logo-Full-LED-Blanco_-scaled-1.png?fit=2439%2C675&ssl=1","width":2439,"height":675,"caption":"Letreros LED | Iluminaci\u00f3n LED | Letreros Luminosos"},"image":{"@id":"https:\/\/full-led.cl\/#\/schema\/logo\/image\/"},"sameAs":["https:\/\/www.facebook.com\/profile.php?id=100064203484556","https:\/\/www.instagram.com\/full.led_cl\/"]}]}},"uagb_featured_image_src":{"full":false,"thumbnail":false,"medium":false,"medium_large":false,"large":false,"1536x1536":false,"2048x2048":false,"woocommerce_thumbnail":false,"woocommerce_single":false,"woocommerce_gallery_thumbnail":false},"uagb_author_info":{"display_name":"fullled","author_link":"https:\/\/full-led.cl\/author\/fullled\/"},"uagb_comment_info":0,"uagb_excerpt":"&nbsp; ALGUNOS DE NUESTROS SERVICIOS &nbsp; Reparaci\u00f3n de pantallas gigantes de leds Sustituci\u00f3n de m\u00f3dulos y cabinas led Sustituci\u00f3n de leds defectuosos Cambio de placas de control sending, receiving , hub Reparaci\u00f3n y sustituci\u00f3n de fuentes de alimentaci\u00f3n Revisi\u00f3n y reparaci\u00f3n de cableado interno y externo Resoluci\u00f3n de problemas con el software de gesti\u00f3n Resoluci\u00f3n&hellip;","jetpack_sharing_enabled":true,"_links":{"self":[{"href":"https:\/\/full-led.cl\/wp-json\/wp\/v2\/pages\/1533","targetHints":{"allow":["GET"]}}],"collection":[{"href":"https:\/\/full-led.cl\/wp-json\/wp\/v2\/pages"}],"about":[{"href":"https:\/\/full-led.cl\/wp-json\/wp\/v2\/types\/page"}],"author":[{"embeddable":true,"href":"https:\/\/full-led.cl\/wp-json\/wp\/v2\/users\/1"}],"replies":[{"embeddable":true,"href":"https:\/\/full-led.cl\/wp-json\/wp\/v2\/comments?post=1533"}],"version-history":[{"count":4,"href":"https:\/\/full-led.cl\/wp-json\/wp\/v2\/pages\/1533\/revisions"}],"predecessor-version":[{"id":1702,"href":"https:\/\/full-led.cl\/wp-json\/wp\/v2\/pages\/1533\/revisions\/1702"}],"wp:attachment":[{"href":"https:\/\/full-led.cl\/wp-json\/wp\/v2\/media?parent=1533"}],"curies":[{"name":"wp","href":"https:\/\/api.w.org\/{rel}","templated":true}]}}