{"id":4716,"date":"2021-10-28T10:58:58","date_gmt":"2021-10-28T13:58:58","guid":{"rendered":"http:\/\/full-led.cl\/?post_type=product&#038;p=4716"},"modified":"2023-03-02T12:06:10","modified_gmt":"2023-03-02T15:06:10","slug":"promo-3-impresoras-termicas-xp-58iih-58mm-boleta","status":"publish","type":"product","link":"https:\/\/full-led.cl\/producto\/promo-3-impresoras-termicas-xp-58iih-58mm-boleta\/","title":{"rendered":"PROMO IMPRESORA TERMICA 58mm (BOLETA) $19.990 (DESPUES DE 3 UNIDADES)"},"content":{"rendered":"<p><img data-recalc-dims=\"1\" fetchpriority=\"high\" decoding=\"async\" class=\"aligncenter size-full wp-image-4203\" src=\"https:\/\/i0.wp.com\/full-led.cl\/wp-content\/uploads\/2021\/02\/IMG_20210223_105648.jpg?resize=1200%2C1600\" alt=\"\" width=\"1200\" height=\"1600\" srcset=\"https:\/\/i0.wp.com\/full-led.cl\/wp-content\/uploads\/2021\/02\/IMG_20210223_105648.jpg?w=1200&amp;ssl=1 1200w, https:\/\/i0.wp.com\/full-led.cl\/wp-content\/uploads\/2021\/02\/IMG_20210223_105648.jpg?resize=225%2C300&amp;ssl=1 225w, https:\/\/i0.wp.com\/full-led.cl\/wp-content\/uploads\/2021\/02\/IMG_20210223_105648.jpg?resize=768%2C1024&amp;ssl=1 768w, https:\/\/i0.wp.com\/full-led.cl\/wp-content\/uploads\/2021\/02\/IMG_20210223_105648.jpg?resize=1152%2C1536&amp;ssl=1 1152w, https:\/\/i0.wp.com\/full-led.cl\/wp-content\/uploads\/2021\/02\/IMG_20210223_105648.jpg?resize=600%2C800&amp;ssl=1 600w\" sizes=\"(max-width: 1000px) 100vw, 1000px\" \/> <img data-recalc-dims=\"1\" decoding=\"async\" class=\"aligncenter size-full wp-image-4204\" src=\"https:\/\/i0.wp.com\/full-led.cl\/wp-content\/uploads\/2021\/02\/IMG_20210223_105715.jpg?resize=1600%2C1200\" alt=\"\" width=\"1600\" height=\"1200\" srcset=\"https:\/\/i0.wp.com\/full-led.cl\/wp-content\/uploads\/2021\/02\/IMG_20210223_105715.jpg?w=1600&amp;ssl=1 1600w, https:\/\/i0.wp.com\/full-led.cl\/wp-content\/uploads\/2021\/02\/IMG_20210223_105715.jpg?resize=300%2C225&amp;ssl=1 300w, https:\/\/i0.wp.com\/full-led.cl\/wp-content\/uploads\/2021\/02\/IMG_20210223_105715.jpg?resize=1024%2C768&amp;ssl=1 1024w, https:\/\/i0.wp.com\/full-led.cl\/wp-content\/uploads\/2021\/02\/IMG_20210223_105715.jpg?resize=768%2C576&amp;ssl=1 768w, https:\/\/i0.wp.com\/full-led.cl\/wp-content\/uploads\/2021\/02\/IMG_20210223_105715.jpg?resize=1536%2C1152&amp;ssl=1 1536w, https:\/\/i0.wp.com\/full-led.cl\/wp-content\/uploads\/2021\/02\/IMG_20210223_105715.jpg?resize=600%2C450&amp;ssl=1 600w\" sizes=\"(max-width: 1000px) 100vw, 1000px\" \/> <img data-recalc-dims=\"1\" decoding=\"async\" class=\"aligncenter size-full wp-image-4205\" src=\"https:\/\/i0.wp.com\/full-led.cl\/wp-content\/uploads\/2021\/02\/IMG_20210223_105724.jpg?resize=1200%2C1600\" alt=\"\" width=\"1200\" height=\"1600\" srcset=\"https:\/\/i0.wp.com\/full-led.cl\/wp-content\/uploads\/2021\/02\/IMG_20210223_105724.jpg?w=1200&amp;ssl=1 1200w, https:\/\/i0.wp.com\/full-led.cl\/wp-content\/uploads\/2021\/02\/IMG_20210223_105724.jpg?resize=225%2C300&amp;ssl=1 225w, https:\/\/i0.wp.com\/full-led.cl\/wp-content\/uploads\/2021\/02\/IMG_20210223_105724.jpg?resize=768%2C1024&amp;ssl=1 768w, https:\/\/i0.wp.com\/full-led.cl\/wp-content\/uploads\/2021\/02\/IMG_20210223_105724.jpg?resize=1152%2C1536&amp;ssl=1 1152w, https:\/\/i0.wp.com\/full-led.cl\/wp-content\/uploads\/2021\/02\/IMG_20210223_105724.jpg?resize=600%2C800&amp;ssl=1 600w\" sizes=\"(max-width: 1000px) 100vw, 1000px\" \/> <img data-recalc-dims=\"1\" loading=\"lazy\" decoding=\"async\" class=\"aligncenter size-full wp-image-4196\" src=\"https:\/\/i0.wp.com\/full-led.cl\/wp-content\/uploads\/2021\/02\/IMPRESORAXP-58IIH2.jpg?resize=1442%2C1442\" alt=\"\" width=\"1442\" height=\"1442\" srcset=\"https:\/\/i0.wp.com\/full-led.cl\/wp-content\/uploads\/2021\/02\/IMPRESORAXP-58IIH2.jpg?w=1442&amp;ssl=1 1442w, https:\/\/i0.wp.com\/full-led.cl\/wp-content\/uploads\/2021\/02\/IMPRESORAXP-58IIH2.jpg?resize=300%2C300&amp;ssl=1 300w, https:\/\/i0.wp.com\/full-led.cl\/wp-content\/uploads\/2021\/02\/IMPRESORAXP-58IIH2.jpg?resize=1024%2C1024&amp;ssl=1 1024w, https:\/\/i0.wp.com\/full-led.cl\/wp-content\/uploads\/2021\/02\/IMPRESORAXP-58IIH2.jpg?resize=150%2C150&amp;ssl=1 150w, https:\/\/i0.wp.com\/full-led.cl\/wp-content\/uploads\/2021\/02\/IMPRESORAXP-58IIH2.jpg?resize=768%2C768&amp;ssl=1 768w, https:\/\/i0.wp.com\/full-led.cl\/wp-content\/uploads\/2021\/02\/IMPRESORAXP-58IIH2.jpg?resize=600%2C600&amp;ssl=1 600w, https:\/\/i0.wp.com\/full-led.cl\/wp-content\/uploads\/2021\/02\/IMPRESORAXP-58IIH2.jpg?resize=100%2C100&amp;ssl=1 100w\" sizes=\"(max-width: 1000px) 100vw, 1000px\" \/><\/p>\n","protected":false},"excerpt":{"rendered":"<p>La impresora de recibos de la serie XP58IIH ofrece impresi\u00f3n de hasta 90 mm por segundo tanto para texto como para gr\u00e1ficos, excelente confiabilidad y caracter\u00edsticas f\u00e1ciles de usar. Se utiliza mucho en centros comerciales, mercados de comida, comercio minorista, hoteles, restaurantes, etc.<\/p>\n<p>Marca OKprinter ModeloXP-58IIH Descripci\u00f3n impresora del fabricante, sin cartuchos y libre de mantenimiento. Impresi\u00f3n r\u00e1pida y de calidad. Conexi\u00f3n mediante USB, compatible con todos los sistemas operativos Windows y Linux. \u00a1Guarda registros de todas tus ventas! Es una impresora t\u00e9rmica de recibos especialmente dise\u00f1ada para transacciones de clientes en puntos de venta. Se usa ampliamente en centros comerciales, mercados, tiendas, hoteles, restaurantes y cualquier lugar que registre ventas al por menor o mayor. Es un modelo eficiente, econ\u00f3mico y elegante que te garantiza una impresi\u00f3n de alta calidad en diferentes idiomas.<\/p>\n<p>CARACTER\u00cdSTICAS Impresora de Tickets\/Recibos Marca okprinter Modelo XP-58IIH Color Negro Caracter\u00edsticas 58 mm impresora de recibo t\u00e9rmica; M\u00e9todo de impresi\u00f3n: L\u00ednea t\u00e9rmica; Impresi\u00f3n ancho: 58 mm; Velocidad de impresi\u00f3n: 90 mm\/s; Interfaces: Paralelo\/Serial\/USB\/BLUETOOTH \/ RJ-11; Impresi\u00f3n de papel: 57.5 +\/-0.5 mm x 65 mm; Espacio: 3,75 mm (ajustable); Fila: 58 mm; Entrada de energ\u00eda: AC 110 ~ 240 V, 50 ~ 60 Hz; Salida: DC 12 V\/1 A; Temperatura de Trabajo: 0 ~ 45 \u00bfc; Humedad: 10 ~ 80%; Temperatura de almacenamiento: -10 ~ 60 \u00bfC; Humedad: 10 ~ 90% Otros impermeable, aceite y polvo y;, fiable de alta velocidad; Soporte Vigilancia corte; Soporta Full y Half Cut; Soporta pantalla de men\u00fa y alarma de error; Soporte Linux conducci\u00f3n; Soporte Negro Mark Check y reimprimirlos; Compatible w\/Epson ESC\/POS y modo modo Star<\/p>\n<p>COMPRA 100% SEGURA<\/p>\n","protected":false},"featured_media":4768,"template":"","meta":{"_uag_custom_page_level_css":"","site-sidebar-layout":"default","site-content-layout":"default","ast-site-content-layout":"default","site-content-style":"default","site-sidebar-style":"default","ast-global-header-display":"","ast-banner-title-visibility":"","ast-main-header-display":"","ast-hfb-above-header-display":"","ast-hfb-below-header-display":"","ast-hfb-mobile-header-display":"","site-post-title":"","ast-breadcrumbs-content":"","ast-featured-img":"","footer-sml-layout":"","ast-disable-related-posts":"","theme-transparent-header-meta":"default","adv-header-id-meta":"","stick-header-meta":"","header-above-stick-meta":"","header-main-stick-meta":"","header-below-stick-meta":"","astra-migrate-meta-layouts":"default","ast-page-background-enabled":"default","ast-page-background-meta":{"desktop":{"background-color":"","background-image":"","background-repeat":"repeat","background-position":"center center","background-size":"auto","background-attachment":"scroll","background-type":"","background-media":"","overlay-type":"","overlay-color":"","overlay-opacity":"","overlay-gradient":""},"tablet":{"background-color":"","background-image":"","background-repeat":"repeat","background-position":"center center","background-size":"auto","background-attachment":"scroll","background-type":"","background-media":"","overlay-type":"","overlay-color":"","overlay-opacity":"","overlay-gradient":""},"mobile":{"background-color":"","background-image":"","background-repeat":"repeat","background-position":"center center","background-size":"auto","background-attachment":"scroll","background-type":"","background-media":"","overlay-type":"","overlay-color":"","overlay-opacity":"","overlay-gradient":""}},"ast-content-background-meta":{"desktop":{"background-color":"var(--ast-global-color-5)","background-image":"","background-repeat":"repeat","background-position":"center center","background-size":"auto","background-attachment":"scroll","background-type":"","background-media":"","overlay-type":"","overlay-color":"","overlay-opacity":"","overlay-gradient":""},"tablet":{"background-color":"var(--ast-global-color-5)","background-image":"","background-repeat":"repeat","background-position":"center center","background-size":"auto","background-attachment":"scroll","background-type":"","background-media":"","overlay-type":"","overlay-color":"","overlay-opacity":"","overlay-gradient":""},"mobile":{"background-color":"var(--ast-global-color-5)","background-image":"","background-repeat":"repeat","background-position":"center center","background-size":"auto","background-attachment":"scroll","background-type":"","background-media":"","overlay-type":"","overlay-color":"","overlay-opacity":"","overlay-gradient":""}},"_joinchat":[]},"product_brand":[],"product_cat":[385,407],"product_tag":[],"class_list":{"0":"post-4716","1":"product","2":"type-product","3":"status-publish","4":"has-post-thumbnail","6":"product_cat-ofertas-del-mes","7":"product_cat-ofertas-especiales","8":"desktop-align-center","9":"tablet-align-left","10":"mobile-align-left","12":"first","13":"outofstock","14":"sale","15":"shipping-taxable","16":"purchasable","17":"product-type-simple"},"yoast_head":"<!-- This site is optimized with the Yoast SEO plugin v27.3 - https:\/\/yoast.com\/product\/yoast-seo-wordpress\/ -->\n<title>PROMO IMPRESORA TERMICA 58mm (BOLETA) $19.990 (DESPUES DE 3 UNIDADES) - Full-LED: Especialistas en Letreros y Pantallas LED<\/title>\n<meta name=\"robots\" content=\"index, follow, max-snippet:-1, max-image-preview:large, max-video-preview:-1\" \/>\n<link rel=\"canonical\" href=\"https:\/\/full-led.cl\/producto\/promo-3-impresoras-termicas-xp-58iih-58mm-boleta\/\" \/>\n<meta property=\"og:locale\" content=\"es_ES\" \/>\n<meta property=\"og:type\" content=\"article\" \/>\n<meta property=\"og:title\" content=\"PROMO IMPRESORA TERMICA 58mm (BOLETA) $19.990 (DESPUES DE 3 UNIDADES) - Full-LED: Especialistas en Letreros y Pantallas LED\" \/>\n<meta property=\"og:description\" content=\"La impresora de recibos de la serie XP58IIH ofrece impresi\u00f3n de hasta 90 mm por segundo tanto para texto como para gr\u00e1ficos, excelente confiabilidad y caracter\u00edsticas f\u00e1ciles de usar. Se utiliza mucho en centros comerciales, mercados de comida, comercio minorista, hoteles, restaurantes, etc.  Marca OKprinter ModeloXP-58IIH Descripci\u00f3n impresora del fabricante, sin cartuchos y libre de mantenimiento. Impresi\u00f3n r\u00e1pida y de calidad. Conexi\u00f3n mediante USB, compatible con todos los sistemas operativos Windows y Linux. \u00a1Guarda registros de todas tus ventas! Es una impresora t\u00e9rmica de recibos especialmente dise\u00f1ada para transacciones de clientes en puntos de venta. Se usa ampliamente en centros comerciales, mercados, tiendas, hoteles, restaurantes y cualquier lugar que registre ventas al por menor o mayor. Es un modelo eficiente, econ\u00f3mico y elegante que te garantiza una impresi\u00f3n de alta calidad en diferentes idiomas.  CARACTER\u00cdSTICAS Impresora de Tickets\/Recibos Marca okprinter Modelo XP-58IIH Color Negro Caracter\u00edsticas 58 mm impresora de recibo t\u00e9rmica; M\u00e9todo de impresi\u00f3n: L\u00ednea t\u00e9rmica; Impresi\u00f3n ancho: 58 mm; Velocidad de impresi\u00f3n: 90 mm\/s; Interfaces: Paralelo\/Serial\/USB\/BLUETOOTH \/ RJ-11; Impresi\u00f3n de papel: 57.5 +\/-0.5 mm x 65 mm; Espacio: 3,75 mm (ajustable); Fila: 58 mm; Entrada de energ\u00eda: AC 110 ~ 240 V, 50 ~ 60 Hz; Salida: DC 12 V\/1 A; Temperatura de Trabajo: 0 ~ 45 \u00bfc; Humedad: 10 ~ 80%; Temperatura de almacenamiento: -10 ~ 60 \u00bfC; Humedad: 10 ~ 90% Otros impermeable, aceite y polvo y;, fiable de alta velocidad; Soporte Vigilancia corte; Soporta Full y Half Cut; Soporta pantalla de men\u00fa y alarma de error; Soporte Linux conducci\u00f3n; Soporte Negro Mark Check y reimprimirlos; Compatible w\/Epson ESC\/POS y modo modo Star  COMPRA 100% SEGURA\" \/>\n<meta property=\"og:url\" content=\"https:\/\/full-led.cl\/producto\/promo-3-impresoras-termicas-xp-58iih-58mm-boleta\/\" \/>\n<meta property=\"og:site_name\" content=\"Full-LED: Especialistas en Letreros y Pantallas LED\" \/>\n<meta property=\"article:publisher\" content=\"https:\/\/www.facebook.com\/profile.php?id=100064203484556\" \/>\n<meta property=\"article:modified_time\" content=\"2023-03-02T15:06:10+00:00\" \/>\n<meta property=\"og:image\" content=\"https:\/\/i0.wp.com\/full-led.cl\/wp-content\/uploads\/2021\/10\/PROMO-IMPRE-58MM.jpg?fit=1653%2C1653&ssl=1\" \/>\n\t<meta property=\"og:image:width\" content=\"1653\" \/>\n\t<meta property=\"og:image:height\" content=\"1653\" \/>\n\t<meta property=\"og:image:type\" content=\"image\/jpeg\" \/>\n<meta name=\"twitter:card\" content=\"summary_large_image\" \/>\n<meta name=\"twitter:label1\" content=\"Tiempo estimado de lectura\" \/>\n\t<meta name=\"twitter:data1\" content=\"1 minuto\" \/>\n<script type=\"application\/ld+json\" class=\"yoast-schema-graph\">{\"@context\":\"https:\\\/\\\/schema.org\",\"@graph\":[{\"@type\":\"WebPage\",\"@id\":\"https:\\\/\\\/full-led.cl\\\/producto\\\/promo-3-impresoras-termicas-xp-58iih-58mm-boleta\\\/\",\"url\":\"https:\\\/\\\/full-led.cl\\\/producto\\\/promo-3-impresoras-termicas-xp-58iih-58mm-boleta\\\/\",\"name\":\"PROMO IMPRESORA TERMICA 58mm (BOLETA) $19.990 (DESPUES DE 3 UNIDADES) - Full-LED: Especialistas en Letreros y Pantallas LED\",\"isPartOf\":{\"@id\":\"https:\\\/\\\/full-led.cl\\\/#website\"},\"primaryImageOfPage\":{\"@id\":\"https:\\\/\\\/full-led.cl\\\/producto\\\/promo-3-impresoras-termicas-xp-58iih-58mm-boleta\\\/#primaryimage\"},\"image\":{\"@id\":\"https:\\\/\\\/full-led.cl\\\/producto\\\/promo-3-impresoras-termicas-xp-58iih-58mm-boleta\\\/#primaryimage\"},\"thumbnailUrl\":\"https:\\\/\\\/i0.wp.com\\\/full-led.cl\\\/wp-content\\\/uploads\\\/2021\\\/10\\\/PROMO-IMPRE-58MM.jpg?fit=1653%2C1653&ssl=1\",\"datePublished\":\"2021-10-28T13:58:58+00:00\",\"dateModified\":\"2023-03-02T15:06:10+00:00\",\"breadcrumb\":{\"@id\":\"https:\\\/\\\/full-led.cl\\\/producto\\\/promo-3-impresoras-termicas-xp-58iih-58mm-boleta\\\/#breadcrumb\"},\"inLanguage\":\"es\",\"potentialAction\":[{\"@type\":\"ReadAction\",\"target\":[\"https:\\\/\\\/full-led.cl\\\/producto\\\/promo-3-impresoras-termicas-xp-58iih-58mm-boleta\\\/\"]}]},{\"@type\":\"ImageObject\",\"inLanguage\":\"es\",\"@id\":\"https:\\\/\\\/full-led.cl\\\/producto\\\/promo-3-impresoras-termicas-xp-58iih-58mm-boleta\\\/#primaryimage\",\"url\":\"https:\\\/\\\/i0.wp.com\\\/full-led.cl\\\/wp-content\\\/uploads\\\/2021\\\/10\\\/PROMO-IMPRE-58MM.jpg?fit=1653%2C1653&ssl=1\",\"contentUrl\":\"https:\\\/\\\/i0.wp.com\\\/full-led.cl\\\/wp-content\\\/uploads\\\/2021\\\/10\\\/PROMO-IMPRE-58MM.jpg?fit=1653%2C1653&ssl=1\",\"width\":1653,\"height\":1653},{\"@type\":\"BreadcrumbList\",\"@id\":\"https:\\\/\\\/full-led.cl\\\/producto\\\/promo-3-impresoras-termicas-xp-58iih-58mm-boleta\\\/#breadcrumb\",\"itemListElement\":[{\"@type\":\"ListItem\",\"position\":1,\"name\":\"Portada\",\"item\":\"https:\\\/\\\/full-led.cl\\\/\"},{\"@type\":\"ListItem\",\"position\":2,\"name\":\"Tienda\",\"item\":\"https:\\\/\\\/full-led.cl\\\/tienda\\\/\"},{\"@type\":\"ListItem\",\"position\":3,\"name\":\"PROMO IMPRESORA TERMICA 58mm (BOLETA) $19.990 (DESPUES DE 3 UNIDADES)\"}]},{\"@type\":\"WebSite\",\"@id\":\"https:\\\/\\\/full-led.cl\\\/#website\",\"url\":\"https:\\\/\\\/full-led.cl\\\/\",\"name\":\"Full-LED: Especialistas en Letreros y Pantallas LED\",\"description\":\"Fabricamos letreros LED, pantallas y totems digitales para negocios en todo Chile\",\"publisher\":{\"@id\":\"https:\\\/\\\/full-led.cl\\\/#organization\"},\"alternateName\":\"full-led.cl\",\"potentialAction\":[{\"@type\":\"SearchAction\",\"target\":{\"@type\":\"EntryPoint\",\"urlTemplate\":\"https:\\\/\\\/full-led.cl\\\/?s={search_term_string}\"},\"query-input\":{\"@type\":\"PropertyValueSpecification\",\"valueRequired\":true,\"valueName\":\"search_term_string\"}}],\"inLanguage\":\"es\"},{\"@type\":\"Organization\",\"@id\":\"https:\\\/\\\/full-led.cl\\\/#organization\",\"name\":\"Letreros LED | Iluminaci\u00f3n LED | Letreros Luminosos\",\"alternateName\":\"Full-Led\",\"url\":\"https:\\\/\\\/full-led.cl\\\/\",\"logo\":{\"@type\":\"ImageObject\",\"inLanguage\":\"es\",\"@id\":\"https:\\\/\\\/full-led.cl\\\/#\\\/schema\\\/logo\\\/image\\\/\",\"url\":\"https:\\\/\\\/i0.wp.com\\\/full-led.cl\\\/wp-content\\\/uploads\\\/2026\\\/03\\\/cropped-Logo-Full-LED-Blanco_-scaled-1.png?fit=2439%2C675&ssl=1\",\"contentUrl\":\"https:\\\/\\\/i0.wp.com\\\/full-led.cl\\\/wp-content\\\/uploads\\\/2026\\\/03\\\/cropped-Logo-Full-LED-Blanco_-scaled-1.png?fit=2439%2C675&ssl=1\",\"width\":2439,\"height\":675,\"caption\":\"Letreros LED | Iluminaci\u00f3n LED | Letreros Luminosos\"},\"image\":{\"@id\":\"https:\\\/\\\/full-led.cl\\\/#\\\/schema\\\/logo\\\/image\\\/\"},\"sameAs\":[\"https:\\\/\\\/www.facebook.com\\\/profile.php?id=100064203484556\",\"https:\\\/\\\/www.instagram.com\\\/full.led_cl\\\/\"]}]}<\/script>\n<!-- \/ Yoast SEO plugin. -->","yoast_head_json":{"title":"PROMO IMPRESORA TERMICA 58mm (BOLETA) $19.990 (DESPUES DE 3 UNIDADES) - Full-LED: Especialistas en Letreros y Pantallas LED","robots":{"index":"index","follow":"follow","max-snippet":"max-snippet:-1","max-image-preview":"max-image-preview:large","max-video-preview":"max-video-preview:-1"},"canonical":"https:\/\/full-led.cl\/producto\/promo-3-impresoras-termicas-xp-58iih-58mm-boleta\/","og_locale":"es_ES","og_type":"article","og_title":"PROMO IMPRESORA TERMICA 58mm (BOLETA) $19.990 (DESPUES DE 3 UNIDADES) - Full-LED: Especialistas en Letreros y Pantallas LED","og_description":"La impresora de recibos de la serie XP58IIH ofrece impresi\u00f3n de hasta 90 mm por segundo tanto para texto como para gr\u00e1ficos, excelente confiabilidad y caracter\u00edsticas f\u00e1ciles de usar. Se utiliza mucho en centros comerciales, mercados de comida, comercio minorista, hoteles, restaurantes, etc.  Marca OKprinter ModeloXP-58IIH Descripci\u00f3n impresora del fabricante, sin cartuchos y libre de mantenimiento. Impresi\u00f3n r\u00e1pida y de calidad. Conexi\u00f3n mediante USB, compatible con todos los sistemas operativos Windows y Linux. \u00a1Guarda registros de todas tus ventas! Es una impresora t\u00e9rmica de recibos especialmente dise\u00f1ada para transacciones de clientes en puntos de venta. Se usa ampliamente en centros comerciales, mercados, tiendas, hoteles, restaurantes y cualquier lugar que registre ventas al por menor o mayor. Es un modelo eficiente, econ\u00f3mico y elegante que te garantiza una impresi\u00f3n de alta calidad en diferentes idiomas.  CARACTER\u00cdSTICAS Impresora de Tickets\/Recibos Marca okprinter Modelo XP-58IIH Color Negro Caracter\u00edsticas 58 mm impresora de recibo t\u00e9rmica; M\u00e9todo de impresi\u00f3n: L\u00ednea t\u00e9rmica; Impresi\u00f3n ancho: 58 mm; Velocidad de impresi\u00f3n: 90 mm\/s; Interfaces: Paralelo\/Serial\/USB\/BLUETOOTH \/ RJ-11; Impresi\u00f3n de papel: 57.5 +\/-0.5 mm x 65 mm; Espacio: 3,75 mm (ajustable); Fila: 58 mm; Entrada de energ\u00eda: AC 110 ~ 240 V, 50 ~ 60 Hz; Salida: DC 12 V\/1 A; Temperatura de Trabajo: 0 ~ 45 \u00bfc; Humedad: 10 ~ 80%; Temperatura de almacenamiento: -10 ~ 60 \u00bfC; Humedad: 10 ~ 90% Otros impermeable, aceite y polvo y;, fiable de alta velocidad; Soporte Vigilancia corte; Soporta Full y Half Cut; Soporta pantalla de men\u00fa y alarma de error; Soporte Linux conducci\u00f3n; Soporte Negro Mark Check y reimprimirlos; Compatible w\/Epson ESC\/POS y modo modo Star  COMPRA 100% SEGURA","og_url":"https:\/\/full-led.cl\/producto\/promo-3-impresoras-termicas-xp-58iih-58mm-boleta\/","og_site_name":"Full-LED: Especialistas en Letreros y Pantallas LED","article_publisher":"https:\/\/www.facebook.com\/profile.php?id=100064203484556","article_modified_time":"2023-03-02T15:06:10+00:00","og_image":[{"width":1653,"height":1653,"url":"https:\/\/i0.wp.com\/full-led.cl\/wp-content\/uploads\/2021\/10\/PROMO-IMPRE-58MM.jpg?fit=1653%2C1653&ssl=1","type":"image\/jpeg"}],"twitter_card":"summary_large_image","twitter_misc":{"Tiempo estimado de lectura":"1 minuto"},"schema":{"@context":"https:\/\/schema.org","@graph":[{"@type":"WebPage","@id":"https:\/\/full-led.cl\/producto\/promo-3-impresoras-termicas-xp-58iih-58mm-boleta\/","url":"https:\/\/full-led.cl\/producto\/promo-3-impresoras-termicas-xp-58iih-58mm-boleta\/","name":"PROMO IMPRESORA TERMICA 58mm (BOLETA) $19.990 (DESPUES DE 3 UNIDADES) - Full-LED: Especialistas en Letreros y Pantallas LED","isPartOf":{"@id":"https:\/\/full-led.cl\/#website"},"primaryImageOfPage":{"@id":"https:\/\/full-led.cl\/producto\/promo-3-impresoras-termicas-xp-58iih-58mm-boleta\/#primaryimage"},"image":{"@id":"https:\/\/full-led.cl\/producto\/promo-3-impresoras-termicas-xp-58iih-58mm-boleta\/#primaryimage"},"thumbnailUrl":"https:\/\/i0.wp.com\/full-led.cl\/wp-content\/uploads\/2021\/10\/PROMO-IMPRE-58MM.jpg?fit=1653%2C1653&ssl=1","datePublished":"2021-10-28T13:58:58+00:00","dateModified":"2023-03-02T15:06:10+00:00","breadcrumb":{"@id":"https:\/\/full-led.cl\/producto\/promo-3-impresoras-termicas-xp-58iih-58mm-boleta\/#breadcrumb"},"inLanguage":"es","potentialAction":[{"@type":"ReadAction","target":["https:\/\/full-led.cl\/producto\/promo-3-impresoras-termicas-xp-58iih-58mm-boleta\/"]}]},{"@type":"ImageObject","inLanguage":"es","@id":"https:\/\/full-led.cl\/producto\/promo-3-impresoras-termicas-xp-58iih-58mm-boleta\/#primaryimage","url":"https:\/\/i0.wp.com\/full-led.cl\/wp-content\/uploads\/2021\/10\/PROMO-IMPRE-58MM.jpg?fit=1653%2C1653&ssl=1","contentUrl":"https:\/\/i0.wp.com\/full-led.cl\/wp-content\/uploads\/2021\/10\/PROMO-IMPRE-58MM.jpg?fit=1653%2C1653&ssl=1","width":1653,"height":1653},{"@type":"BreadcrumbList","@id":"https:\/\/full-led.cl\/producto\/promo-3-impresoras-termicas-xp-58iih-58mm-boleta\/#breadcrumb","itemListElement":[{"@type":"ListItem","position":1,"name":"Portada","item":"https:\/\/full-led.cl\/"},{"@type":"ListItem","position":2,"name":"Tienda","item":"https:\/\/full-led.cl\/tienda\/"},{"@type":"ListItem","position":3,"name":"PROMO IMPRESORA TERMICA 58mm (BOLETA) $19.990 (DESPUES DE 3 UNIDADES)"}]},{"@type":"WebSite","@id":"https:\/\/full-led.cl\/#website","url":"https:\/\/full-led.cl\/","name":"Full-LED: Especialistas en Letreros y Pantallas LED","description":"Fabricamos letreros LED, pantallas y totems digitales para negocios en todo Chile","publisher":{"@id":"https:\/\/full-led.cl\/#organization"},"alternateName":"full-led.cl","potentialAction":[{"@type":"SearchAction","target":{"@type":"EntryPoint","urlTemplate":"https:\/\/full-led.cl\/?s={search_term_string}"},"query-input":{"@type":"PropertyValueSpecification","valueRequired":true,"valueName":"search_term_string"}}],"inLanguage":"es"},{"@type":"Organization","@id":"https:\/\/full-led.cl\/#organization","name":"Letreros LED | Iluminaci\u00f3n LED | Letreros Luminosos","alternateName":"Full-Led","url":"https:\/\/full-led.cl\/","logo":{"@type":"ImageObject","inLanguage":"es","@id":"https:\/\/full-led.cl\/#\/schema\/logo\/image\/","url":"https:\/\/i0.wp.com\/full-led.cl\/wp-content\/uploads\/2026\/03\/cropped-Logo-Full-LED-Blanco_-scaled-1.png?fit=2439%2C675&ssl=1","contentUrl":"https:\/\/i0.wp.com\/full-led.cl\/wp-content\/uploads\/2026\/03\/cropped-Logo-Full-LED-Blanco_-scaled-1.png?fit=2439%2C675&ssl=1","width":2439,"height":675,"caption":"Letreros LED | Iluminaci\u00f3n LED | Letreros Luminosos"},"image":{"@id":"https:\/\/full-led.cl\/#\/schema\/logo\/image\/"},"sameAs":["https:\/\/www.facebook.com\/profile.php?id=100064203484556","https:\/\/www.instagram.com\/full.led_cl\/"]}]}},"uagb_featured_image_src":{"full":["https:\/\/i0.wp.com\/full-led.cl\/wp-content\/uploads\/2021\/10\/PROMO-IMPRE-58MM.jpg?fit=1653%2C1653&ssl=1",1653,1653,false],"thumbnail":["https:\/\/i0.wp.com\/full-led.cl\/wp-content\/uploads\/2021\/10\/PROMO-IMPRE-58MM.jpg?resize=150%2C150&ssl=1",150,150,true],"medium":["https:\/\/i0.wp.com\/full-led.cl\/wp-content\/uploads\/2021\/10\/PROMO-IMPRE-58MM.jpg?fit=300%2C300&ssl=1",300,300,true],"medium_large":["https:\/\/i0.wp.com\/full-led.cl\/wp-content\/uploads\/2021\/10\/PROMO-IMPRE-58MM.jpg?fit=768%2C768&ssl=1",768,768,true],"large":["https:\/\/i0.wp.com\/full-led.cl\/wp-content\/uploads\/2021\/10\/PROMO-IMPRE-58MM.jpg?fit=1024%2C1024&ssl=1",1024,1024,true],"1536x1536":["https:\/\/i0.wp.com\/full-led.cl\/wp-content\/uploads\/2021\/10\/PROMO-IMPRE-58MM.jpg?fit=1536%2C1536&ssl=1",1536,1536,true],"2048x2048":["https:\/\/i0.wp.com\/full-led.cl\/wp-content\/uploads\/2021\/10\/PROMO-IMPRE-58MM.jpg?fit=1653%2C1653&ssl=1",1653,1653,true],"woocommerce_thumbnail":["https:\/\/i0.wp.com\/full-led.cl\/wp-content\/uploads\/2021\/10\/PROMO-IMPRE-58MM.jpg?resize=300%2C300&ssl=1",300,300,true],"woocommerce_single":["https:\/\/i0.wp.com\/full-led.cl\/wp-content\/uploads\/2021\/10\/PROMO-IMPRE-58MM.jpg?fit=600%2C600&ssl=1",600,600,true],"woocommerce_gallery_thumbnail":["https:\/\/i0.wp.com\/full-led.cl\/wp-content\/uploads\/2021\/10\/PROMO-IMPRE-58MM.jpg?resize=100%2C100&ssl=1",100,100,true]},"uagb_author_info":{"display_name":"fullled","author_link":"https:\/\/full-led.cl\/author\/"},"uagb_comment_info":0,"uagb_excerpt":"La impresora de recibos de la serie XP58IIH ofrece impresi\u00f3n de hasta 90 mm por segundo tanto para texto como para gr\u00e1ficos, excelente confiabilidad y caracter\u00edsticas f\u00e1ciles de usar. Se utiliza mucho en centros comerciales, mercados de comida, comercio minorista, hoteles, restaurantes, etc. Marca OKprinter ModeloXP-58IIH Descripci\u00f3n impresora del fabricante, sin cartuchos y libre de&hellip;","jetpack_sharing_enabled":true,"_links":{"self":[{"href":"https:\/\/full-led.cl\/wp-json\/wp\/v2\/product\/4716","targetHints":{"allow":["GET"]}}],"collection":[{"href":"https:\/\/full-led.cl\/wp-json\/wp\/v2\/product"}],"about":[{"href":"https:\/\/full-led.cl\/wp-json\/wp\/v2\/types\/product"}],"version-history":[{"count":3,"href":"https:\/\/full-led.cl\/wp-json\/wp\/v2\/product\/4716\/revisions"}],"predecessor-version":[{"id":4769,"href":"https:\/\/full-led.cl\/wp-json\/wp\/v2\/product\/4716\/revisions\/4769"}],"wp:featuredmedia":[{"embeddable":true,"href":"https:\/\/full-led.cl\/wp-json\/wp\/v2\/media\/4768"}],"wp:attachment":[{"href":"https:\/\/full-led.cl\/wp-json\/wp\/v2\/media?parent=4716"}],"wp:term":[{"taxonomy":"product_brand","embeddable":true,"href":"https:\/\/full-led.cl\/wp-json\/wp\/v2\/product_brand?post=4716"},{"taxonomy":"product_cat","embeddable":true,"href":"https:\/\/full-led.cl\/wp-json\/wp\/v2\/product_cat?post=4716"},{"taxonomy":"product_tag","embeddable":true,"href":"https:\/\/full-led.cl\/wp-json\/wp\/v2\/product_tag?post=4716"}],"curies":[{"name":"wp","href":"https:\/\/api.w.org\/{rel}","templated":true}]}}